{"id":231,"date":"2016-05-06T17:36:56","date_gmt":"2016-05-06T15:36:56","guid":{"rendered":"http:\/\/ev-kirche-winterbach.de\/new\/?page_id=231"},"modified":"2025-09-27T15:23:11","modified_gmt":"2025-09-27T13:23:11","slug":"im-lebenslauf","status":"publish","type":"page","link":"https:\/\/ev-kirche-winterbach.de\/wp\/gottesdienste\/im-lebenslauf\/","title":{"rendered":"Gottesdienste im Lebenslauf"},"content":{"rendered":"<h3>Gottesdienste im Lebenslauf<\/h3>\n<hr \/>\n<h4>Taufe<\/h4>\n<p>In unserer Kirchengemeinde gibt es regelm\u00e4\u00dfig Taufen im Sonntagsgottesdienst und auch an 2-3 separaten Taufgottesdiensten (Taufsamstag und Remstaufe).<\/p>\n<p>In der Regel werden S\u00e4uglinge getauft. Immer wieder w\u00fcnschen aber auch Jugendliche oder Erwachsene, die als Kinder nicht getauft wurden, das Sakrament der Heiligen Taufe. Kindertaufe und Erwachsenentaufe sind gleichwertige Taufen. Mit der Taufe ist die Mitgliedschaft in der Evangelischen Kirche verbunden. Durch die Taufe vertrauen Eltern ihre Kinder Gottes Segen und Schutz an. Sie h\u00f6ren Gottes voraussetzungsloses und bedingungsloses \u201eJa\u201c zu ihrem Kind. Sie und die Paten versprechen, ihr Kind im christlichen Glauben zu erziehen. Hierf\u00fcr bietet die Kirchengemeinde viele Angebote im Rahmen ihrer Jugendarbeit an. Die Taufen werden durch ein Taufgespr\u00e4ch mit dem Pfarrer vorbereitet, der den jeweiligen Taufgottesdienst gestaltet. Zweimal j\u00e4hrlich wird auch ein separater Taufgottesdienst angeboten.<\/p>\n<p><strong>Aktuelle Tauftermine f\u00fcr 2025\/26:<\/strong><\/p>\n<p><strong><span style=\"font-size: 10.5pt; font-family: 'Helvetica',sans-serif; color: #333333; font-weight: normal;\">Samstag\u00a0 \u00a0 \u00a0 \u00a0 \u00a0 \u00a015.11.2025<\/span><\/strong><\/p>\n<p class=\"x_MsoNormal\" data-olk-copy-source=\"MessageBody\">Samstag, 07.02.2026<\/p>\n<p class=\"x_MsoNormal\">Ostermontag, 06.04.2026<\/p>\n<p class=\"x_MsoNormal\">Samstag, 13.06.2026<\/p>\n<p class=\"x_MsoNormal\">Samstag, 12.09.2026<\/p>\n<p class=\"x_MsoNormal\">Samstag, 31.10.2026<\/p>\n<p>Eine Zusammenstellung von Taufspr\u00fcchen finden Sie <a href=\"https:\/\/ev-kirche-winterbach.de\/wp\/wp-content\/uploads\/Tauf-Sprueche.pdf\">unter diesem Link &gt;&gt;<\/a><\/p>\n<p>F\u00fcr mehr Informationen\u00a0 und die aktuellen Tauftermine wenden Sie sich bitte an das Gemeindeb\u00fcro [481515]<\/p>\n<hr \/>\n<h4>Einschulung<\/h4>\n<p>F\u00fcr die neuen Erstkl\u00e4ssler und ihre Familien wird am Tag der Einschulung ein \u00f6kumenischer Gottesdienst angeboten. Die Kirchen begleiten die Kinder und ihre Familien bei diesem gro\u00dfen Schritt. Die Kinder werden im Gottesdienst gesegnet. Vorbereitet wird der Gottesdienst von Erzieherinnen des evangelischen und des katholischen Kindergartens. Der Gottesdienst findet in der katholischen Kirche &#8220;Mari\u00e4 Himmelfahrt&#8221; statt.<\/p>\n<hr \/>\n<h4>Konfirmation<\/h4>\n<p>\u201eJa, ich best\u00e4tige meine Taufe\u201c, sagen 14-J\u00e4hrige bei ihrer Konfirmation. Nach einem Jahr Konfirmandenunterricht feiern die 8-Kl\u00e4ssler mit ihren Familien ihr Konfirmationsfest. Im Unterricht geht es um den christlichen Glauben, um\u00b4s Beten, um Taufe, Kirche und Abendmahl, um Bibel und Jesus. Zum Konfis geh\u00f6ren Konfissamstage, eine Praktikum, ein Konfiswochenende und eine Abendmahlfeier.<\/p>\n<p>N\u00e4here Infos\u00a0hat Pfr. Joachim Scheuber [481515]<\/p>\n<hr \/>\n<h4>Kirchliche Trauung<\/h4>\n<p>Sie trauen sich und sagen sich ihr \u201eJa\u201c-Wort, zun\u00e4chst vor dem Standesamt und dann in einem festlichen Gottesdienst in der Michaelskirche. Wer kirchlich heiratet bittet um Gottes Segen und um die F\u00fcrbitte der Freunde und Familien. Wer kirchlich heiratet h\u00f6rt das pers\u00f6nlich zugesprochene Wort Gottes f\u00fcr sich und seine Ehe. In der Regel finden die kirchlichen Trauungen nach Absprache mit dem zust\u00e4ndigen Pfarrer statt. F\u00fcr eine evangelische Trauung sollte ein Partner Mitglied der evangelischen Kirche sein. Hochzeitssaison ist in der Regel von April bis Oktober, in der Michaelskirche.<\/p>\n<p>Eine Zusammenstellung von Trauspr\u00fcchen finden Sie <a href=\"https:\/\/ev-kirche-winterbach.de\/wp\/wp-content\/uploads\/Trau-Sprueche.pdf\">unter diesem Link &gt;&gt;<\/a><\/p>\n<hr \/>\n<h4>Goldene Konfirmation<\/h4>\n<p>Immer mehr Jahrg\u00e4nge feiern gemeinsam 50 Jahre Konfirmation. Sie treffen sich an diesem Festtag zum Kirchgang um 10.00 Uhr in der Michaelskirche und anschlie\u00dfenden Mittagessen und geselligen Beisammensein.<\/p>\n<hr \/>\n<h4>Goldene Hochzeit<\/h4>\n<p>Dankbar sind Ehepaare, die auf gemeinsame 50 Jahre zur\u00fcckblicken. Mit Freuden und ihren Familien kommen sie noch einmal vor den Altar, um Gott zu danken und sich erneut segnen zu lassen. Goldene Hochzeiten finden auf Anfrage in der Regel samstags statt.<\/p>\n<hr \/>\n<h4>Beerdigungen<\/h4>\n<p>Evangelische Bestattungen und Trauerfeiern finden auf dem Friedhof und in der Aussegnungshalle dort statt. In einem \u00f6ffentlichen Gottesdienst wird des Verstorbenen gedacht und von ihm gemeinsam Abschied genommen. Angeh\u00f6rige sch\u00e4tzen die Begleitung durch die Seelsorger und den gottesdienstlichen Ritus als hilfreiche Gestaltung des Abschieds. Besonders sch\u00f6n ist eine musikalische Gestaltung der Feier durch Orgelspiel und gegebenenfalls auch durch Ch\u00f6re oder Instrumentalisten. Erdbestattung und Urnenbeisetzung sind in Winterbach in gleicher Weise m\u00f6glich.<\/p>\n<p>F\u00fcr mehr Informationen wenden Sie sich bitte an das Gemeindeb\u00fcro [481515]<\/p>\n","protected":false},"excerpt":{"rendered":"<p>Gottesdienste im Lebenslauf Taufe In unserer Kirchengemeinde gibt es regelm\u00e4\u00dfig Taufen im Sonntagsgottesdienst und auch an 2-3 separaten Taufgottesdiensten (Taufsamstag und Remstaufe). In der Regel werden S\u00e4uglinge getauft. Immer wieder w\u00fcnschen aber auch Jugendliche oder Erwachsene, die als Kinder nicht getauft wurden, das Sakrament der Heiligen Taufe. Kindertaufe und Erwachsenentaufe sind gleichwertige Taufen. Mit der [&hellip;]<\/p>\n","protected":false},"author":1,"featured_media":0,"parent":30,"menu_order":0,"comment_status":"closed","ping_status":"closed","template":"","meta":[],"rttpg_featured_image_url":null,"rttpg_author":{"display_name":"Homepageteam","author_link":"https:\/\/ev-kirche-winterbach.de\/wp\/author\/user\/"},"rttpg_comment":0,"rttpg_category":null,"rttpg_excerpt":"Gottesdienste im Lebenslauf Taufe In unserer Kirchengemeinde gibt es regelm\u00e4\u00dfig Taufen im Sonntagsgottesdienst und auch an 2-3 separaten Taufgottesdiensten (Taufsamstag und Remstaufe). In der Regel werden S\u00e4uglinge getauft. Immer wieder w\u00fcnschen aber auch Jugendliche oder Erwachsene, die als Kinder nicht getauft wurden, das Sakrament der Heiligen Taufe. Kindertaufe und Erwachsenentaufe sind gleichwertige Taufen. Mit der&hellip;","_links":{"self":[{"href":"https:\/\/ev-kirche-winterbach.de\/wp\/wp-json\/wp\/v2\/pages\/231"}],"collection":[{"href":"https:\/\/ev-kirche-winterbach.de\/wp\/wp-json\/wp\/v2\/pages"}],"about":[{"href":"https:\/\/ev-kirche-winterbach.de\/wp\/wp-json\/wp\/v2\/types\/page"}],"author":[{"embeddable":true,"href":"https:\/\/ev-kirche-winterbach.de\/wp\/wp-json\/wp\/v2\/users\/1"}],"replies":[{"embeddable":true,"href":"https:\/\/ev-kirche-winterbach.de\/wp\/wp-json\/wp\/v2\/comments?post=231"}],"version-history":[{"count":36,"href":"https:\/\/ev-kirche-winterbach.de\/wp\/wp-json\/wp\/v2\/pages\/231\/revisions"}],"predecessor-version":[{"id":9013,"href":"https:\/\/ev-kirche-winterbach.de\/wp\/wp-json\/wp\/v2\/pages\/231\/revisions\/9013"}],"up":[{"embeddable":true,"href":"https:\/\/ev-kirche-winterbach.de\/wp\/wp-json\/wp\/v2\/pages\/30"}],"wp:attachment":[{"href":"https:\/\/ev-kirche-winterbach.de\/wp\/wp-json\/wp\/v2\/media?parent=231"}],"curies":[{"name":"wp","href":"https:\/\/api.w.org\/{rel}","templated":true}]}}