{"id":233,"date":"2016-05-06T17:37:17","date_gmt":"2016-05-06T15:37:17","guid":{"rendered":"http:\/\/ev-kirche-winterbach.de\/new\/?page_id=233"},"modified":"2023-12-10T16:44:29","modified_gmt":"2023-12-10T15:44:29","slug":"im-kirchenjahr","status":"publish","type":"page","link":"https:\/\/ev-kirche-winterbach.de\/wp\/gottesdienste\/im-kirchenjahr\/","title":{"rendered":"im Kirchenjahr"},"content":{"rendered":"<h3>Gottesdienste im Kirchenjahr<\/h3>\n<hr \/>\n<h4>Adventsandachten<\/h4>\n<p>Die Adventszeit beginnend mit dem 1. Adventssonntag ist die Zeit der Vorbereitung auf Weihnachten. Advent ist eigentliche eine stille Zeit der Bu\u00dfe und Einkehr. Neben den Gemeindegottesdiensten an den Adventssonntagen um 10.00 Uhr gibt es am 1. Advent anl\u00e4sslich des Winterbacher Weihnachtsmarktes eine \u201eAdventliche Besinnung\u201c (30 min) in der Michaelskirche, eine stille und besinnliche Andacht. Au\u00dferdem finden vom 1. Advent bis Heiligabend werktags t\u00e4glich Adventsandachten in der Sakristei der Michaelskirche statt. Sie beginnen um 19.00 Uhr (30 min) nach dem Motto \u201eSich \u00f6ffnen f\u00fcr Advent\u201c.<\/p>\n<p>F\u00fcr mehr Informationen wenden Sie sich bitte an das Gemeindeb\u00fcro [481515]<\/p>\n<hr \/>\n<h4>Weihnachtsgottesdienste<\/h4>\n<p>Weihnachten ist das Fest der Familie, der Freude, der Lichter. Gott kommt zur Welt und beschenkt seine Menschen, das ist die Botschaft von Weihnachten. Zumeist gut besucht, werden unterschiedlich profilierte Gottesdienste angeboten:<\/p>\n<p>\u2022 Kleinkindergottesdienst f\u00fcr die Kleinsten mit ihren Familien, samstags vor dem 3. Advent um 16.00 Uhr mit Krippenspiel<\/p>\n<p>\u2022 FamilienGottesdienst mit Krippenspiel an Heilig Abend, 15.30 Uhr<\/p>\n<p>\u2022 Traditionelle Christvesper an Heilig Abend mit dem Kirchenchor 18.00 Uhr<\/p>\n<p>\u2022 Meditativer Christnachtgottesdienst um 22.30 Uhr<\/p>\n<p>\u2022 Junger Gottesdienst \u201eHappy birthday Jesus\u201c mit Band um 22.30 Uhr, im Evangelischen Gemeindehaus<\/p>\n<p>\u2022 Weihnachtsfestgottesdienst am 1. Weihnachtsfeiertag mit dem Posaunenchor<\/p>\n<p>\u2022 Weihnachtsfestgottesdienst am 2. Weihnachtsfeiertag mit Taufen<\/p>\n<p>F\u00fcr mehr Informationen wenden Sie sich bitte an das Gemeindeb\u00fcro [481515]<\/p>\n<hr \/>\n<h4>Sylvester- und Neujahrsgottesdienste<\/h4>\n<p>Gemeinsam das alte Jahr abschlie\u00dfen, gemeinsam das neue Jahr beginnen. Die Gottesdienste und Abendmahlfeiern an Sylvester und Neujahr geben Anlass zu einer pers\u00f6nlichen Bilanzierung, zum dankbaren R\u00fcckblick und zum vertrauensvollen Neustart. Sie helfen mit, den \u00dcbergang in ein neues Jahr zu gestalten. 31.12. 16.00 Uhr Abendmahlgottesdienst an Sylvester in Manolzweiler 31.12. 17.30 Uhr Gottesdienst mit dem Kirchenchor, anschlie\u00dfend gemeinsame Abendmahlfeier 01.01. 11.00 Uhr Gottesdienst an Neujahr<\/p>\n<p>F\u00fcr mehr Informationen wenden Sie sich bitte an das Gemeindeb\u00fcro [481515]<\/p>\n<hr \/>\n<h4>Passionsandachten- und Gottesdienste<\/h4>\n<p>In der Passionswoche gedenken Christen des Leidensweges Jesu Christi. Es finden halbst\u00fcndige Andachten am Dienstag und Mittwoch beginnend um 19.30 Uhr statt. An Gr\u00fcndonnerstag gibt es um 19.30 Uhr einen Abendmahlsgottesdienst, ebenso an Karfreitag um 9.00 Uhr in Manolzweiler, um 10.00 Uhr in der Michaelkirche (Abendmahl anschlie\u00dfend) und zur Todesstunde Jesu um 15.00 Uhr.<\/p>\n<p>F\u00fcr mehr Informationen wenden Sie sich bitte an das Gemeindeb\u00fcro [481515]<\/p>\n<hr \/>\n<h4>Ostergottesdienste<\/h4>\n<p>Die Auferstehung Jesu Christi wird traditionell an Ostersonntag mit einer Auferstehungsfeier auf dem Friedhof um 8.30 Uhr gefeiert. Um 10.00 Uhr feiert die Gemeinde den Osterfestgottesdienst mit Kirchenchor oder Posaunenchor in der Michaelskirche. An Ostermontag liegt der Akzent auf den Familien. Beim Familiengottesdienst um 10.00 Uhr in der Michaelskirche werden in der Regel auch Kinder getauft. F\u00fcr Jugendliche wartet das vom Bezirksjugendwerk veranstaltete gro\u00dfe Ostermontagstreffen in einer Bezirksgemeinde auf mit einem Jugendgottesdienst und Konzerten.<\/p>\n<p>F\u00fcr mehr Informationen wenden Sie sich bitte an das Gemeindeb\u00fcro [481515]<\/p>\n<hr \/>\n<h4>Himmelfahrtsgottesdienst<\/h4>\n<p>Christi Himmelfahrt wird \u201eopen air\u201c als Gottesdienst im Gr\u00fcnen gefeiert. Mit festlicher Umrahmung durch den Posaunenchor geht es los um 10.00 Uhr oben auf dem Goldboden. Anschlie\u00dfend gibt es Gelegenheit zum geselligen Beisammensitzen mit Grillwurst und Getr\u00e4nken.<\/p>\n<p>F\u00fcr mehr Informationen wenden Sie sich bitte an das Gemeindeb\u00fcro [481515]<\/p>\n<hr \/>\n<h4>Pfingstgottedienste<\/h4>\n<p>Pfingsten gilt als Geburtsstunde der Kirche, als Ausgie\u00dfung des Heiligen Geistes. An den beiden Feiertagen l\u00e4dt die Kirchengemeinde jeweils um 10.00 Uhr zu einem Festgottesdienst an, sonntags mit dem Kirchenchor, montags sind Taufen m\u00f6glich.<\/p>\n<p>F\u00fcr mehr Informationen wenden Sie sich bitte an das Gemeindeb\u00fcro [481515]<\/p>\n<hr \/>\n<h4>Erntedankgottesdienst<\/h4>\n<p>Am ersten Sonntag im Oktober danken Christen f\u00fcr die gute Ernte des Jahres, f\u00fcr das was in Garten und Feld gewachsen ist, aber auch f\u00fcr den Wohlstand, f\u00fcr die Arbeit, f\u00fcr das was gelungen ist, f\u00fcr Familie und Freunde. Die Gemeindeglieder werden gebeten, Erntegaben f\u00fcr die Ernte-Dank-Alt\u00e4re zu spenden. Diese werden anschlie\u00dfend dem Tafelladen Schorndorf zur Verf\u00fcgung gestellt. Um 9.00 Uhr ist Ernte-Dank in Manolzweiler, um 10.00 Uhr in Winterbach mit dem Kindergarten. Bereits samstags feiern die Kleinsten ihre Ernte-Dank-Gottesdienst.<\/p>\n<p>F\u00fcr mehr Informationen wenden Sie sich bitte an das Gemeindeb\u00fcro [481515]<\/p>\n<hr \/>\n<h4>Bu\u00df- und Bettagsgottesdienst<\/h4>\n<p>Trotz Abschaffung des gesetzlichen Feiertages lebt der Bu\u00df- und Bettag! Abends wird ein Abendmahlgottesdienst um 18.30 Uhr angeboten.<\/p>\n<p>F\u00fcr mehr Informationen wenden Sie sich bitte an das Gemeindeb\u00fcro [481515]<\/p>\n<hr \/>\n<h4>Ewigkeitssonntagsgottesdienst<\/h4>\n<p>Mit einem festlichen Gottesdienst gedenkt die Gemeinde der im vergangenen Jahr Verstorbenen und l\u00e4sst sich durch die Lebensbotschaft des Evangeliums ermutigen. Eingeladen werden die Angeh\u00f6rigen der im vergangenen Jahr Verstorbenen. Der Posaunenchor wirkt mit.<\/p>\n<p>F\u00fcr mehr Informationen wenden Sie sich bitte an das Gemeindeb\u00fcro [481515]<\/p>\n","protected":false},"excerpt":{"rendered":"<p>Gottesdienste im Kirchenjahr Adventsandachten Die Adventszeit beginnend mit dem 1. Adventssonntag ist die Zeit der Vorbereitung auf Weihnachten. Advent ist eigentliche eine stille Zeit der Bu\u00dfe und Einkehr. Neben den Gemeindegottesdiensten an den Adventssonntagen um 10.00 Uhr gibt es am 1. Advent anl\u00e4sslich des Winterbacher Weihnachtsmarktes eine \u201eAdventliche Besinnung\u201c (30 min) in der Michaelskirche, eine [&hellip;]<\/p>\n","protected":false},"author":1,"featured_media":0,"parent":30,"menu_order":0,"comment_status":"closed","ping_status":"closed","template":"","meta":[],"rttpg_featured_image_url":null,"rttpg_author":{"display_name":"Homepageteam","author_link":"https:\/\/ev-kirche-winterbach.de\/wp\/author\/user\/"},"rttpg_comment":0,"rttpg_category":null,"rttpg_excerpt":"Gottesdienste im Kirchenjahr Adventsandachten Die Adventszeit beginnend mit dem 1. Adventssonntag ist die Zeit der Vorbereitung auf Weihnachten. Advent ist eigentliche eine stille Zeit der Bu\u00dfe und Einkehr. Neben den Gemeindegottesdiensten an den Adventssonntagen um 10.00 Uhr gibt es am 1. Advent anl\u00e4sslich des Winterbacher Weihnachtsmarktes eine \u201eAdventliche Besinnung\u201c (30 min) in der Michaelskirche, eine&hellip;","_links":{"self":[{"href":"https:\/\/ev-kirche-winterbach.de\/wp\/wp-json\/wp\/v2\/pages\/233"}],"collection":[{"href":"https:\/\/ev-kirche-winterbach.de\/wp\/wp-json\/wp\/v2\/pages"}],"about":[{"href":"https:\/\/ev-kirche-winterbach.de\/wp\/wp-json\/wp\/v2\/types\/page"}],"author":[{"embeddable":true,"href":"https:\/\/ev-kirche-winterbach.de\/wp\/wp-json\/wp\/v2\/users\/1"}],"replies":[{"embeddable":true,"href":"https:\/\/ev-kirche-winterbach.de\/wp\/wp-json\/wp\/v2\/comments?post=233"}],"version-history":[{"count":3,"href":"https:\/\/ev-kirche-winterbach.de\/wp\/wp-json\/wp\/v2\/pages\/233\/revisions"}],"predecessor-version":[{"id":7638,"href":"https:\/\/ev-kirche-winterbach.de\/wp\/wp-json\/wp\/v2\/pages\/233\/revisions\/7638"}],"up":[{"embeddable":true,"href":"https:\/\/ev-kirche-winterbach.de\/wp\/wp-json\/wp\/v2\/pages\/30"}],"wp:attachment":[{"href":"https:\/\/ev-kirche-winterbach.de\/wp\/wp-json\/wp\/v2\/media?parent=233"}],"curies":[{"name":"wp","href":"https:\/\/api.w.org\/{rel}","templated":true}]}}