{"id":438,"date":"2016-05-07T08:06:22","date_gmt":"2016-05-07T06:06:22","guid":{"rendered":"http:\/\/ev-kirche-winterbach.de\/new\/?page_id=438"},"modified":"2020-01-21T08:54:33","modified_gmt":"2020-01-21T07:54:33","slug":"gremien","status":"publish","type":"page","link":"https:\/\/ev-kirche-winterbach.de\/wp\/kontakt\/gremien\/","title":{"rendered":"Ansprechpartner der Gremien"},"content":{"rendered":"<h3>Ansprechpartner der Gremien<\/h3>\n<hr \/>\n<div class=\"table-responsive\">\n<table class=\"table table-striped\">\n<thead>\n<tr>\n<th>Gremien<\/th>\n<th>Ansprechperson<\/th>\n<th>Kontakt<\/th>\n<\/tr>\n<\/thead>\n<tbody>\n<tr>\n<th scope=\"row\">Kirchengemeinderat<\/th>\n<td>Pfr. Joachim Scheuber<\/td>\n<td>481515<\/td>\n<\/tr>\n<tr>\n<th scope=\"row\">Kindergartenausschuss<\/th>\n<td>Pfr. Joachim Scheuber<\/td>\n<td>481515<\/td>\n<\/tr>\n<tr>\n<th scope=\"row\">Verwaltungsausschuss<\/th>\n<td>Pfr. Joachim Scheuber<\/td>\n<td>481515<\/td>\n<\/tr>\n<tr>\n<th scope=\"row\">Bauausschuss<\/th>\n<td>J\u00fcrgen Lutz<\/td>\n<td>76115<\/td>\n<\/tr>\n<tr>\n<th scope=\"row\">Jugendleitungsteam<\/th>\n<td>Diakon Christoph Reith<\/td>\n<td><span style=\"margin: 0px; font-family: 'Times New Roman',serif; font-size: 12pt;\"><span style=\"color: #000000;\">8862626<\/span><\/span><\/td>\n<\/tr>\n<tr>\n<th scope=\"row\">Ausschuss f\u00fcr Gemeindeentwicklung<\/th>\n<td>Felix N\u00fcbel<\/td>\n<td>6697654<\/td>\n<\/tr>\n<\/tbody>\n<\/table>\n<\/div>\n","protected":false},"excerpt":{"rendered":"<p>Ansprechpartner der Gremien Gremien Ansprechperson Kontakt Kirchengemeinderat Pfr. Joachim Scheuber 481515 Kindergartenausschuss Pfr. Joachim Scheuber 481515 Verwaltungsausschuss Pfr. Joachim Scheuber 481515 Bauausschuss J\u00fcrgen Lutz 76115 Jugendleitungsteam Diakon Christoph Reith 8862626 Ausschuss f\u00fcr Gemeindeentwicklung Felix N\u00fcbel 6697654<\/p>\n","protected":false},"author":1,"featured_media":0,"parent":207,"menu_order":0,"comment_status":"closed","ping_status":"closed","template":"","meta":[],"rttpg_featured_image_url":null,"rttpg_author":{"display_name":"Homepageteam","author_link":"https:\/\/ev-kirche-winterbach.de\/wp\/author\/user\/"},"rttpg_comment":0,"rttpg_category":null,"rttpg_excerpt":"Ansprechpartner der Gremien Gremien Ansprechperson Kontakt Kirchengemeinderat Pfr. Joachim Scheuber 481515 Kindergartenausschuss Pfr. Joachim Scheuber 481515 Verwaltungsausschuss Pfr. Joachim Scheuber 481515 Bauausschuss J\u00fcrgen Lutz 76115 Jugendleitungsteam Diakon Christoph Reith 8862626 Ausschuss f\u00fcr Gemeindeentwicklung Felix N\u00fcbel 6697654","_links":{"self":[{"href":"https:\/\/ev-kirche-winterbach.de\/wp\/wp-json\/wp\/v2\/pages\/438"}],"collection":[{"href":"https:\/\/ev-kirche-winterbach.de\/wp\/wp-json\/wp\/v2\/pages"}],"about":[{"href":"https:\/\/ev-kirche-winterbach.de\/wp\/wp-json\/wp\/v2\/types\/page"}],"author":[{"embeddable":true,"href":"https:\/\/ev-kirche-winterbach.de\/wp\/wp-json\/wp\/v2\/users\/1"}],"replies":[{"embeddable":true,"href":"https:\/\/ev-kirche-winterbach.de\/wp\/wp-json\/wp\/v2\/comments?post=438"}],"version-history":[{"count":15,"href":"https:\/\/ev-kirche-winterbach.de\/wp\/wp-json\/wp\/v2\/pages\/438\/revisions"}],"predecessor-version":[{"id":3970,"href":"https:\/\/ev-kirche-winterbach.de\/wp\/wp-json\/wp\/v2\/pages\/438\/revisions\/3970"}],"up":[{"embeddable":true,"href":"https:\/\/ev-kirche-winterbach.de\/wp\/wp-json\/wp\/v2\/pages\/207"}],"wp:attachment":[{"href":"https:\/\/ev-kirche-winterbach.de\/wp\/wp-json\/wp\/v2\/media?parent=438"}],"curies":[{"name":"wp","href":"https:\/\/api.w.org\/{rel}","templated":true}]}}