{"id":726,"date":"2016-05-08T00:49:37","date_gmt":"2016-05-07T22:49:37","guid":{"rendered":"http:\/\/ev-kirche-winterbach.de\/new\/?page_id=726"},"modified":"2024-05-07T10:53:10","modified_gmt":"2024-05-07T08:53:10","slug":"presse-und-berichte-verein-fur-diakonie-und-seelsorge","status":"publish","type":"page","link":"https:\/\/ev-kirche-winterbach.de\/wp\/diakoniesoziales\/verein-fur-diakonie-und-seelsorge\/presse-und-berichte-verein-fur-diakonie-und-seelsorge\/","title":{"rendered":"Presse und Berichte &#8211; Verein f\u00fcr Diakonie und Seelsorge"},"content":{"rendered":"<p><a href=\"https:\/\/ev-kirche-winterbach.de\/wp\/diakoniesoziales\/verein-fur-diakonie-und-seelsorge\/\">Zur\u00fcck zur Hauptseite &gt;&gt;<\/a><\/p>\n<h3>Presse und Berichte<\/h3>\n<hr \/>\n<p><strong>Besuchsdienst als erf\u00fcllende Aufgabe im Ehrenamt!<\/strong><br \/>\nSind Sie jetzt im Ruhestand und haben die erste Zeit \u201edanach\u201c gut \u00fcberstanden? Oder haben Sie etwas Zeit f\u00fcr einen besonderen Einsatz?<br \/>\nDann haben wir f\u00fcr Sie eine gute Idee f\u00fcr eine erf\u00fcllende T\u00e4tigkeit in unserem Team!<br \/>\nSeit fast 5 Jahren bieten wir mit ehrenamtlichen Mitarbeiterinnen und Mitarbeiter in Winterbach einen regelm\u00e4\u00dfigen Besuchsdienst an f\u00fcr Menschen, die nicht mehr in der Lage sind, selbstst\u00e4ndig an sozialen Angeboten in unserer Gemeinde teilzunehmen. In der Regel einmal pro Woche f\u00fcr ca. 1 Stunde kommen wir zu einem Besuch, bei dem wir uns Zeit nehmen, zuh\u00f6ren, f\u00fcr ein Gespr\u00e4ch oder ein gemeinsames Spiel bereit sind, etwas vorlesen oder bei einem Spaziergang begleiten. Alle Mitarbeiterinnen und Mitarbeiter und auch die Besuchten erleben diese Zeit als besonders wertvoll und sind dankbar daf\u00fcr.<\/p>\n<p><a href=\"https:\/\/ev-kirche-winterbach.de\/wp\/wp-content\/uploads\/Besuchsdienstmit-Bild-als-erf\u00fcllende-Aufgabe-im-Ehrenamt.pdf\">Weiterlesen &gt;&gt;<\/a><\/p>\n<p>&#8211;<\/p>\n<p><strong>Bericht aus der Mitgliederversammlung am 25.4.2024<\/strong><\/p>\n<p>Ausnahmsweise fand in diesem Jahr die Mitgliederversammlung in der ev. Kirche statt, da im Gemeindehaus die Vorbereitungen f\u00fcr das anschlie\u00dfende Theaterst\u00fcck liefen.<\/p>\n<p>Neben vielen Mitgliedern und Freunden konnte der stellvertretende Vorsitzende Werner Eberle auch eine ganze Reihe von interessierten Gemeinder\u00e4tinnen und Gemeinder\u00e4te sowie Kirchengemeinder\u00e4tinnen und Kirchengemeinder\u00e4te der evangelischen und katholischen Kirchengemeinde begr\u00fc\u00dfen.<\/p>\n<p>Mit der Losung aus Ps. 3,9 <strong>\u201eBei dem Herrn findet man Hilfe. Dein Segen komme \u00fcber dein Volk.\u201c<\/strong> und dem Lehrtext f\u00fcr diesen Tag aus Lukas 24,50 <strong>\u201eUnd Jesus hob die H\u00e4nde auf und segnete sie<\/strong>.\u201c begann die Versammlung. Unter diesem Segen m\u00f6chten die Mitarbeiterinnen und Mitarbeiter des Vereins auch ihre Dienste tun und auf diese Weise etwas weitergeben von der Liebe, die unser Herr Jesus Christus uns jeden Tag neu schenkt.<\/p>\n<p>So kann in bew\u00e4hrter Weise das monatliche <strong>\u201eOffene Gemeindehaus\u201c<\/strong> stattfinden und bietet immer wieder Begegnungsm\u00f6glichkeiten mit Liedern, Gespr\u00e4chen und fr\u00f6hlichem Zusammensein. Parallel dazu findet im Clubraum das <strong>\u201eTrauercaf\u00e9\u201c<\/strong> statt, das inzwischen gut angenommen wird und in gesch\u00fctzter und vertraulicher Umgebung Menschen in Trauer St\u00fctze und Hilfe bietet. Im Herbst dieses Jahres wird vom Verein ein<strong> Kurs \u201eLetzte Hilfe\u201c<\/strong> angeboten, bei dem dar\u00fcber gesprochen wird, wie man Menschen auf ihrem letzten Weg hilfreich begleiten kann.<br \/>\nAuch die zweimal im Jahr stattfindenden<strong> \u201eLiliengottesdienste\u201c<\/strong> erm\u00f6glichen st\u00e4rkende Begegnungen von Bewohnern des Pflegeheimes und Winterbacher Gemeindegliedern. Gro\u00dfe Unterst\u00fctzung erfahren wir dabei vom Personal des Pflegeheimes und den Konfirmanden der Gemeinde. Vielen Dank!<br \/>\nIn guter Zusammenarbeit mit der Gemeinde, der Nachbarschaftshilfe und der Diakoniestation k\u00f6nnen verschiedene Hilfsdienste wie z.B. der Fahrdienst f\u00fcr den <strong>\u201eUrlaub ohne Koffer\u201c<\/strong> oder die Unterst\u00fctzung von bed\u00fcrftigen Einzelpersonen durchgef\u00fchrt werden. Der regelm\u00e4\u00dfige Besuchsdienst kann mangels Mitarbeiter leider nur sehr eingeschr\u00e4nkt geleistet werden.<\/p>\n<p>Nach den Regularien wie Rechnungsabschluss und Haushaltsplan wurden die <strong>Rechnungspr\u00fcferinnen<\/strong> <strong>Sylvia Gawaz und Sabine Dilger f\u00fcr weitere 2 Jahre wiedergew\u00e4hlt<\/strong> und ihnen f\u00fcr Ihre bisherige treue Arbeit gedankt.<\/p>\n<p>Eine Pause im Gemeindehaus, bei der ein kleiner Imbiss und kurze Gespr\u00e4che m\u00f6glich waren, leitete \u00fcber zu der \u00f6ffentlichen Veranstaltung der Polizei mit dem Theaterst\u00fcck <strong>\u201eHallo Oma, ich brauch<\/strong> <strong>Geld!\u201c <\/strong>Die Vereinsvorsitzende Dr. Petra Benzinger konnte dazu viele Zuh\u00f6rer im gut gef\u00fcllten Gemeindehaus begr\u00fc\u00dfen.<br \/>\nIn launig vorgetragenen Theaterst\u00fccken, bei denen auch das Publikum mit einbezogen wurde stellte die Theatergruppe in sehr realistischer Weise dar, wie Trickbetr\u00fcger mit viel Raffinesse vorgehen. Auf verschiedene Art versuchen sie Menschen dazu zu bringen, ihnen Geld und Wertgegenst\u00e4nde zu \u00fcbergeben. Auch wenn man vorher \u00fcberzeugt war, selbst nicht auf die Tricks reinzufallen, wurde klar, dass keiner davor gefeit ist, in entsprechenden Situationen sich darauf einzulassen. Wichtig ist, <strong>vor allem am Telefon, keine pers\u00f6nlichen Ausk\u00fcnfte <\/strong>zu geben und bei entsprechenden Anrufen oder Begegnungen <strong>die Polizei zu verst\u00e4ndigen<\/strong>.<\/p>\n<p>Auch wenn an diesem Abend viel gelacht und geschmunzelt werden konnte, wurden die Teilnehmer sehr eindr\u00fccklich auf die Gefahren hingewiesen und konnten viele Informationen f\u00fcr entsprechende Gefahrensituationen mitnehmen. Wir w\u00fcnschen der Theatergruppe noch viele solche Veranstaltungsm\u00f6glichkeiten und ein ebenso interessiertes Publikum wie in Winterbach!<\/p>\n<p><b>Bericht aus der Mitgliederversammlung am 27.4.2023<\/b><\/p>\n<p>Neben vielen Mitgliedern und Freunden konnte der stellvertretende Vorsitzende Werner Eberle auch einige sehr interessierte Gemeinder\u00e4tinnen und Gemeinder\u00e4te sowie Kirchengemeinder\u00e4tinnen und Kirchengemeinder\u00e4te der evangelischen und katholischen Kirchengemeinde begr\u00fc\u00dfen. In Vertretung der beruflich verhinderten Vorsitzenden Prof. Dr. Petra Benzinger gab er der Freude Ausdruck, dass nach dem Abklingen der Pandemie wieder viele Aktivit\u00e4ten und Begegnungen m\u00f6glich sind und dadurch die Gemeinschaft untereinander gest\u00e4rkt wird.<\/p>\n<p>So findet das <b>\u201eoffene Gemeindehaus\u201c<\/b> seit letztem Jahr wieder einmal im Monat statt und auch die <b>Liliengottesdienste<\/b> sind immer wieder gut besucht. Ferner werden<b> Fahrdienste<\/b> f\u00fcr die Aktion \u201eUrlaub ohne Koffer\u201c sowie <b>Hilfen f\u00fcr Einzelpersonen<\/b> in herausfordernden Lebenssituationen durchgef\u00fchrt. Der <b>regelm\u00e4\u00dfige<\/b> <b>Besuchsdienst<\/b> konnte nach der Coronazeit leider nur sehr eingeschr\u00e4nkt wieder aufgenommen werden, da viele Mitarbeitende aus Altersgr\u00fcnden ausgeschieden sind.<\/p>\n<p>Als <b>neues Angebot<\/b> konnte seit November letzten Jahres das <b>Trauer-Caf\u00e9<\/b> parallel zum offenen Gemeindehaus aufgenommen werden. Elisabeth Hoffmann und Kornelius Burkhardt berichteten \u00fcber ihre ersten Erfahrungen und betonten, dass dieses Angebot in Winterbach gerne angenommen wird und viele wohltuende vertrauliche Gespr\u00e4che m\u00f6glich sind.<\/p>\n<p>Nach den Regularien wie Rechnungslegung, Entlastung und Haushaltsplan wurde betont, dass sich der Verein weiterhin als Dach sieht, unter dem vielf\u00e4ltige Aktivit\u00e4ten f\u00fcr Menschen in Winterbach m\u00f6glich sind. So wird \u00fcberlegt, ob es sinnvoll ist, ein regelm\u00e4\u00dfiges Mittagessen an einem Wochentag im Gemeindehaus anzubieten. Solche Angebote sind aber abh\u00e4ngig von Mitarbeitenden, die dies als Aufgabe f\u00fcr sich sehen k\u00f6nnen.<\/p>\n<p>Im Vertrauen auf unseren Herrn hoffen wir auf weitere vor allem j\u00fcngere Menschen oder Menschen die neu im Ruhestand angekommen sind, die sich f\u00fcr die eine oder andere Mitarbeit rufen und begeistern lassen. Gerne stehen unsere Vorstandmitglieder als Ansprechpartner zur Verf\u00fcgung.<\/p>\n<p>Nach einer Pause mit leckerem Imbiss und Getr\u00e4nken, freuten sich die G\u00e4ste auf den Vortrag unter dem Thema <b>\u201eLeben voller Klang \u2013 heilende Kr\u00e4fte der Musik\u201c.<\/b><\/p>\n<p><b>Pfarrer Steffen Kaupp<\/b>, der fr\u00fcher an der Stadtkirche in Schorndorf war und dann lange Zeit in Winterbach wohnte, begleitet jetzt die Innovationspfarrstelle \u201eNeue Aufbr\u00fcche zwischen Diakonie und Kirche\u201c in Ludwigsburg. Dabei geht es um Vernetzungsm\u00f6glichkeiten der Kirchengemeinden, dem Diakoniewerk Karlsh\u00f6he und dem Kreisdiakonieverband. Daneben ist er auch als Klinikseelsorger aktiv.<\/p>\n<p>Anschaulich berichtete er aus seinen Diensten in der Klinik und mit Studierenden, bei denen er immer wieder die Erfahrung macht und best\u00e4tigt bekommt, wie Singen und Musik die Heilung bei Krankheiten f\u00f6rdert und Menschen wieder in Einklang mit sich selbst bringt. Auch seine vorgetragenen Lieder und Musikbeitr\u00e4ge sowie die gemeinsam durchgef\u00fchrten \u00dcbungen gaben einen interessanten Einblick und motivierten die G\u00e4ste, wieder selbst Lieder zu singen und auf Musikressourcen aus dem eigenen Leben zur\u00fcckzugreifen. So klang der Abend mit einem gemeinsamen Lied aus und wir danken Herrn Pfarrer Kaupp f\u00fcr seine interessanten Einblicke und freuen uns auf ein Wiedersehen, vielleicht auch mal mit seiner Band \u201eWaschbrett\u201c.<\/p>\n<p><strong>Bericht aus der Mitgliederversammlung am 28.4.2022<\/strong><\/p>\n<p>Nach zwei Jahren Corona-Pause konnte die <strong>Vorsitzende Petra Benzinger<\/strong> wieder eine gro\u00dfe Anzahl von Mitgliedern und G\u00e4sten im Gemeindehaus begr\u00fc\u00dfen. Bereits seit 10 Jahren nach der Neugr\u00fcndung des Vereins im Jahre 2012 ist der Verein nun mit vielen ehrenamtlichen Mitarbeiterinnen und Mitarbeitern aktiv um hilfebed\u00fcrftigen Menschen in Winterbach Unterst\u00fctzung zu geben. Im Sinne von christlicher N\u00e4chstenliebe soll dadurch das diakonische Bewusstsein in Winterbach gef\u00f6rdert und nachbarschaftliches Miteinander gest\u00e4rkt werden.<\/p>\n<p><strong>Pfarrer Scheuber<\/strong> erinnerte mit dem biblischen Gleichnis vom barmherzigen Samariter daran, dass Jesus uns aufgefordert hat, uns f\u00fcr notleidende und hilfebed\u00fcrftige Menschen einzusetzen, soweit es in unseren M\u00f6glichkeiten liegt.<\/p>\n<p>Trotz Einschr\u00e4nkungen in der Coronazeit konnten in den letzten zwei Jahren viele Dienste durchgef\u00fchrt werden und so bei den<strong> Fahrdiensten<\/strong> zu den Impfterminen, zum \u201eUrlaub ohne Koffer\u201c sowie bei den<strong> Besuchsdiensten<\/strong> Unterst\u00fctzung gegeben werden. Auch die <strong>\u201eAbende zur Trauer\u201c<\/strong> im letzten Herbst wurden sehr gut angenommen.<\/p>\n<p><strong>Das \u201eoffene Gemeindehaus\u201c<\/strong> soll nun ab Juni wieder stattfinden. Mit dem Gottesdienst am 1. Mai wurde auch wieder die Tradition der <strong>\u201eLiliengottesdienste\u201c<\/strong> aufgenommen, bei dem auch viele Bewohner des Pflegeheimes teilnehmen konnten.<\/p>\n<p>In einer Klausurtagung wurden vom Vorstand \u00dcberlegungen zu einer weiteren Entwicklung unseres Vereins gesammelt. Nun soll im Rahmen eines <strong>\u201eOffenen Abends\u201c am 14. Juli im Gemeindehaus<\/strong>, zu dem alle Interessierten aus Winterbach eingeladen werden, weitergedacht werden. Dabei sollen Anregungen und Ideen \u00fcber weitere M\u00f6glichkeiten und Ideen f\u00fcr Aktionen in unserem Verein gesammelt werden.<\/p>\n<p><strong>Wahl des Vorstandes und der Rechnungspr\u00fcferinnen:<\/strong><\/p>\n<p>Turnusgem\u00e4\u00df wurden die Wahlen f\u00fcr den Vorstand und die Rechnungspr\u00fcferinnen f\u00fcr die n\u00e4chsten drei bzw. zwei\u00a0 Jahre durchgef\u00fchrt. Mit einem herzlichen Dank f\u00fcr ihren gro\u00dfen Einsatz in den letzten 10 Jahren wurden Gabi Nachtrieb aus dem Vorstand und Renate Wagner als Rechnungspr\u00fcferin verabschiedet.<\/p>\n<p>Einstimmig wurden neu gew\u00e4hlt:<br \/>\n<strong>Vorsitzende:\u00a0 Prof. Dr. Petra Benzinger<\/strong>, <strong>Stellvertreter: Werner Eberle<\/strong>, <strong>Rechnerin Elfriede Hofmann<\/strong>, <strong>Schriftf\u00fchrer: Kornelius Burkhardt<\/strong>, <strong>Beisitzerin: Isolde K\u00f6ngeter<\/strong><br \/>\nVom Kirchengemeinderat und kraft Amtes geh\u00f6ren dem Vorstand <strong>Jessica Wagner-Hehn<\/strong> und <strong>Pfarrer Joachim<\/strong> <strong>Scheuber<\/strong> an.<br \/>\nAls beratendes Mitglied wirkt, wie bisher <strong>Susanne Hofmann<\/strong> mit.<br \/>\nRechnungspr\u00fcferinnen: <strong>Sylvia Gawaz<\/strong> und <strong>Sabine Dilger<\/strong>.<br \/>\nHerzlichen Dank an alle die bereit sind, sich aktiv im Verein f\u00fcr Diakonie und Seelsorge Winterbach einzubringen.<\/p>\n<p><img loading=\"lazy\" class=\" wp-image-6406 alignleft\" src=\"https:\/\/ev-kirche-winterbach.de\/wp\/wp-content\/uploads\/Vorstandsbild-2022.jpg\" alt=\"\" width=\"630\" height=\"367\" \/><\/p>\n<p><em>Der neu gew\u00e4hlte Vorstand (von links): Werner Eberle, Isolde K\u00f6ngeter, Elfriede Hofmann, Petra Benzinger, Susanne Hoffmann (beratend), Gabi Nachtrieb (ausgeschieden) Jessica Wagner-Hehn, Kornelius Burkhardt, Joachim Scheuber.<\/em><\/p>\n<p>&#8211;<\/p>\n<p>&#8211;<\/p>\n<p>Im Anschluss an die Mitgliederversammlung wurde der im Herbst wegen Corona abgesagte Vortrag von Chefarzt i.R. <strong>Dr. Friedhelm Weber<\/strong> \u201ePatientenverf\u00fcgung \u2013wirklich n\u00f6tig?\u201c nachgeholt. Umrahmt wurde der Abend mit sch\u00f6nen Klavierbeitr\u00e4gen von Herrn Nonnenmann und einem gemeinsamen Abschlusslied. Vielen Dank!<\/p>\n<p>&#8211;<\/p>\n<p><strong>Bericht \u00fcber die Mitgliederversammlung am 4.4. 2019 mit unterhaltsamer Vorstellung und Ausgabe der SOS-Rettungsdose<\/strong><\/p>\n<p>Mit gro\u00dfem Interesse nahmen die Mitglieder und Freunde des Vereins f\u00fcr Diakonie und Seelsorge Winterbach die Informationen f\u00fcr die <strong>SOS-Rettungsdose <\/strong>auf, die ihnen im Rahmen der Mitgliederversammlung am 4.4.2019 geboten wurden. \u00a0Durch einen launigen Sketch, bei dem die Beteiligten in einem Notfall allerlei unn\u00f6tige Ausk\u00fcnfte \u00fcber \u201eblaue Pillen\u201c oder \u201eDiabetes der Ehefrau des Verletzten\u201c an die Ersthelfer gaben, wurde deutlich, wie n\u00f6tig die Existenz einer solchen Rettungsdose f\u00fcr jede Person ist.<br \/>\nIn der SOS-Rettungsdose werden auf einem vorgedruckten Blatt <strong>Informationen deponiert, welche<\/strong> <strong>speziell f\u00fcr jede<\/strong> <strong>Person in einem Notfall wichtig sind<\/strong>. Zum Beispiel pers\u00f6nliche Daten, Krankheiten oder Allergien, Medikamenteneinnahme und medizinisch notwendige\u00a0 Hilfsmittel. Auch Telefonnummern naher Angeh\u00f6riger oder des Hausarztes sollten angegeben werden. Aufbewahrt wird die Dose dann in der K\u00fchlschrank-T\u00fcre, die in jedem Haushalt zu finden ist und Aufkleber an der Innent\u00fcre der Wohnung und am K\u00fchlschrank weisen das Rettungspersonal auf das Vorhandensein einer solchen Dose hin.<\/p>\n<p>Die Notwendigkeit einer solchen Dose f\u00fcr den Notfall wurde an dem Abend besonders hervorgehoben durch den Vertreter des DRK Winterbach, Hans Engelmann. Ebenso durch die neu gew\u00e4hlte Vorsitzende des Vereins Prof. Dr. Petra Benzinger, die als Fach\u00e4rztin aus ihren Erfahrungen beim Fehlen entsprechender Informationen im Notfall berichten konnte.<\/p>\n<p><img loading=\"lazy\" class=\"alignnone size-full wp-image-3268\" src=\"https:\/\/ev-kirche-winterbach.de\/wp\/wp-content\/uploads\/P1070949-2-e1555430147171.jpg\" alt=\"\" width=\"802\" height=\"602\" \/><\/p>\n<p><em>Die neue Vereinsvorsitzende Prof. Dr. Petra Benzinger<\/em><\/p>\n<p>Die SOS- Rettungsdose wird <strong>in Winterbach kostenlos ausgegeben<\/strong> und so wurden an diesem Abend alle anwesenden Mitglieder und Interessenten damit versorgt. Finanziert wird die Dose durch den Verein f\u00fcr Diakonie und Seelsorge Winterbach. Einen ansehnlichen Betrag steuert der Lions Club Winterbach bei, dessen Pr\u00e4sident Elmar V\u00e4th in einem Gru\u00dfwort betonte, dass der Club sich freue, auf diese Weise auch mal\u00a0 \u00e4ltere Menschen unterst\u00fctzen zu k\u00f6nnen.<\/p>\n<p>Au\u00dfer an diesem Abend wird die Rettungsdose <strong>ausgegeben durch den Diakonieverein Winterbach<\/strong> jeweils bei den monatlichen Begegnungstreffs im \u201eoffenen Gemeindehaus\u201c und bei den \u201eLilien-Gottesdiensten\u201c. Ab Mai kann sie dann auch kostenlos in der <strong>Michaels-Apotheke<\/strong> sowie in der <strong>Salier-Apotheke<\/strong> und bei der<strong> Nachbarschaftshilfe <\/strong>in ihren neuen R\u00e4umlichkeiten am Kronenbergele in Winterbach abgeholt werden. F\u00fcr Fragen zum Ausf\u00fcllen der Vordrucke oder auch Ausgabe der Dosen stehen die Mitarbeiter des Diakonie-Vereins Winterbach gerne zur Verf\u00fcgung (Kontakt siehe unten).<\/p>\n<p><strong>Verabschiedung von Werner Heiter:<\/strong><\/p>\n<p>Neben den j\u00e4hrlichen Berichten \u00fcber die regelm\u00e4\u00dfigen Dienste des Vereins sowie \u00fcber die Sonderaktionen wie z.B. die vier Eheabende, standen in diesem Jahr Wahlen f\u00fcr den Vorstand und die Rechnungspr\u00fcferinnen an. Werner Heiter, der den Verein \u00fcber sieben Jahre als Vorsitzender gef\u00fchrt hatte, stand aus gesundheitlichen Gr\u00fcnden nicht mehr f\u00fcr eine weitere Wahlperiode zur Verf\u00fcgung. Ihm wurde von den Mitgliedern und der Vorstandschaft herzlicher Dank ausgesprochen f\u00fcr sein gro\u00dfes Engagement. Er hat den Verein seit der Neuorganisation im Jahr 2012 zusammen mit dem Vorstand ausgebaut und ihm in Winterbach zu neuem Ansehen verholfen. So entstanden \u00fcber die Jahre verschiedene neue Dienste, die zum Segen f\u00fcr die Winterbacher wurden. Ein kleines Abschiedsgeschenk und ein Blumenstrau\u00df wurden ihm \u00fcberbracht, da er selbst gesundheitshalber nicht anwesend sein konnte.<\/p>\n<p><strong>Wahl des Vorstandes und der Rechnungspr\u00fcferinnen<\/strong>:<\/p>\n<p>Der Vorstand war deshalb zu erg\u00e4nzen und wurde einstimmig mit folgenden Personen auf weitere drei Jahre gew\u00e4hlt: <strong>Vorsitzende: Prof. Dr. Petra Benzinger, stellvertretender Vorsitzender: Werner Eberle, Rechnerin: Elfriede Hofmann<\/strong>, <strong>Schriftf\u00fchrerin: Gabi Nachtrieb, Beisitzer: Kornelius Burkhardt<\/strong>. Vom Kirchengemeinderat und kraft Amtes geh\u00f6ren dem Vorstand <strong>Carsten B\u00fchlweiler und<\/strong> <strong>Pfarrer Joachim Scheuber <\/strong>an. Als beratendes Mitglied wirkt <strong>Susanne Hoffmann<\/strong> mit. Die beiden Rechnungspr\u00fcferinnen <strong>Renate Wagner und Sylvia Gawaz<\/strong> wurden f\u00fcr weitere zwei Jahre in ihrem Amt best\u00e4tigt. Herzlichen Dank an alle, die bereit sind, sich aktiv im Verein f\u00fcr Diakonie und Seelsorge Winterbach einzubringen.<\/p>\n<p><img loading=\"lazy\" class=\"alignnone size-full wp-image-3333\" src=\"https:\/\/ev-kirche-winterbach.de\/wp\/wp-content\/uploads\/Vorstand-e1559823387475.jpg\" alt=\"\" width=\"802\" height=\"602\" \/><\/p>\n<p><em>Der neu gew\u00e4hlte Vereinsvorstand mit den Rechnungspr\u00fcferinnen<\/em><\/p>\n<p>Mit einem geistlichen Impuls erinnerte\u00a0 Pfarrer Joachim Scheuber daran, dass Diakonie als Dienen im Auftrag und in der Nachfolge von Jesus Christus auch bedeutet, sich wie Jesus in den \u201eStaub der Stra\u00dfe\u201c zu begeben um andern Hilfe zu gew\u00e4hren. Annalena G\u00f6tz umrahmte die Mitgliederversammlung mit sehr passenden Klavierst\u00fccken.<\/p>\n<p><strong>Kontakt:<\/strong> Werner Eberle, Goldammerweg 16, 73650 Winterbach, Tel. 992509<br \/>\noder <em>diakonie-verein@ev-kirche-winterbach.de<\/em><\/p>\n<p><strong>Weitere Berichte in unserem &#8220;Archiv&#8221; &#8211; siehe Anfang der Homepage &#8211;<\/strong><\/p>\n<hr \/>\n","protected":false},"excerpt":{"rendered":"<p>Zur\u00fcck zur Hauptseite &gt;&gt; Presse und Berichte Besuchsdienst als erf\u00fcllende Aufgabe im Ehrenamt! Sind Sie jetzt im Ruhestand und haben die erste Zeit \u201edanach\u201c gut \u00fcberstanden? Oder haben Sie etwas Zeit f\u00fcr einen besonderen Einsatz? Dann haben wir f\u00fcr Sie eine gute Idee f\u00fcr eine erf\u00fcllende T\u00e4tigkeit in unserem Team! Seit fast 5 Jahren bieten [&hellip;]<\/p>\n","protected":false},"author":2,"featured_media":0,"parent":245,"menu_order":0,"comment_status":"closed","ping_status":"closed","template":"","meta":[],"rttpg_featured_image_url":null,"rttpg_author":{"display_name":"Werner Eberle","author_link":"https:\/\/ev-kirche-winterbach.de\/wp\/author\/diakonieverein\/"},"rttpg_comment":0,"rttpg_category":null,"rttpg_excerpt":"Zur\u00fcck zur Hauptseite &gt;&gt; Presse und Berichte Besuchsdienst als erf\u00fcllende Aufgabe im Ehrenamt! Sind Sie jetzt im Ruhestand und haben die erste Zeit \u201edanach\u201c gut \u00fcberstanden? Oder haben Sie etwas Zeit f\u00fcr einen besonderen Einsatz? Dann haben wir f\u00fcr Sie eine gute Idee f\u00fcr eine erf\u00fcllende T\u00e4tigkeit in unserem Team! Seit fast 5 Jahren bieten&hellip;","_links":{"self":[{"href":"https:\/\/ev-kirche-winterbach.de\/wp\/wp-json\/wp\/v2\/pages\/726"}],"collection":[{"href":"https:\/\/ev-kirche-winterbach.de\/wp\/wp-json\/wp\/v2\/pages"}],"about":[{"href":"https:\/\/ev-kirche-winterbach.de\/wp\/wp-json\/wp\/v2\/types\/page"}],"author":[{"embeddable":true,"href":"https:\/\/ev-kirche-winterbach.de\/wp\/wp-json\/wp\/v2\/users\/2"}],"replies":[{"embeddable":true,"href":"https:\/\/ev-kirche-winterbach.de\/wp\/wp-json\/wp\/v2\/comments?post=726"}],"version-history":[{"count":26,"href":"https:\/\/ev-kirche-winterbach.de\/wp\/wp-json\/wp\/v2\/pages\/726\/revisions"}],"predecessor-version":[{"id":8046,"href":"https:\/\/ev-kirche-winterbach.de\/wp\/wp-json\/wp\/v2\/pages\/726\/revisions\/8046"}],"up":[{"embeddable":true,"href":"https:\/\/ev-kirche-winterbach.de\/wp\/wp-json\/wp\/v2\/pages\/245"}],"wp:attachment":[{"href":"https:\/\/ev-kirche-winterbach.de\/wp\/wp-json\/wp\/v2\/media?parent=726"}],"curies":[{"name":"wp","href":"https:\/\/api.w.org\/{rel}","templated":true}]}}