{"id":756,"date":"2016-05-13T14:36:42","date_gmt":"2016-05-13T12:36:42","guid":{"rendered":"http:\/\/ev-kirche-winterbach.de\/new\/?page_id=756"},"modified":"2024-05-07T10:45:57","modified_gmt":"2024-05-07T08:45:57","slug":"besuchsdienst-winterbach-verein-fur-diakonie-und-seelsorge","status":"publish","type":"page","link":"https:\/\/ev-kirche-winterbach.de\/wp\/diakoniesoziales\/verein-fur-diakonie-und-seelsorge\/besuchsdienst-winterbach-verein-fur-diakonie-und-seelsorge\/","title":{"rendered":"Besuchsdienst Winterbach &#8211; Verein f\u00fcr Diakonie und Seelsorge"},"content":{"rendered":"<p><a href=\"https:\/\/ev-kirche-winterbach.de\/wp\/diakoniesoziales\/verein-fur-diakonie-und-seelsorge\">zur\u00fcck zur Startseite &gt;&gt;<\/a><\/p>\n<h3>Besuchsdienst Winterbach &#8211; derzeit nur sehr eingeschr\u00e4nkt m\u00f6glich!<\/h3>\n<hr \/>\n<blockquote><p>\u201eDas kostbarste Geschenk, das wir zu bieten haben, ist die Zeit\u201c(Anton Kner)<\/p><\/blockquote>\n<p><img loading=\"lazy\" class=\"img-responsive alignright wp-image-743\" src=\"https:\/\/ev-kirche-winterbach.de\/wp\/wp-content\/uploads\/Besuchsdienst-Winterbach-2.jpg\" width=\"250\" height=\"250\" \/>Mit einem Besuchsdienst f\u00fcr Menschen, die selbst nicht mehr in der Lage sind an sozialen Angeboten teilzunehmen, versuchen wir der zunehmenden Vereinsamung der Menschen entgegen zu wirken.<\/p>\n<p>Die Mitarbeiterinnen und Mitarbeiter sind Menschen, die<\/p>\n<ul>\n<li>Zeit haben,<\/li>\n<li>zuh\u00f6ren k\u00f6nnen,<\/li>\n<li>Abwechslung bringen,<\/li>\n<li>\u00a0ein Gespr\u00e4ch f\u00fchren wollen,<\/li>\n<li>Unterhaltung bringen,<\/li>\n<li>vorlesen,<\/li>\n<li>zu einem Spaziergang begleiten und<\/li>\n<li>Ihnen gerne ihre Zeit schenken.<\/li>\n<\/ul>\n<hr \/>\n<h4>Wir kommen zu Ihnen nach Hause und besuchen Sie &#8211; kostenlos!<\/h4>\n<p><img loading=\"lazy\" class=\"img-responsive alignleft wp-image-731\" src=\"https:\/\/ev-kirche-winterbach.de\/wp\/wp-content\/uploads\/Besuchsdienst-Winterbach-1-e1463143116823.jpg\" width=\"250\" height=\"332\" \/>Melden Sie sich bei uns. Wir freuen uns auf Sie.<\/p>\n<p>Die Mitarbeiterinnen und Mitarbeiter werden f\u00fcr den Dienst bei regelm\u00e4\u00dfigen Treffen ausger\u00fcstet und begleitet. Sie werden von unserem Verein beauftragt und sind zur Verschwiegenheit verpflichtet.<br \/>\nInteressenten, die besucht werden m\u00f6chten oder sich f\u00fcr eine Mitarbeit interessieren, k\u00f6nnen sich melden unter <strong>folgender Kontaktadresse:\u00a0<\/strong><\/p>\n<p><strong>Werner Eberle, Goldammerweg 16, 73650 Winterbach,\u00a0 Tel. 07181 992509<\/strong><\/p>\n<p><a href=\"https:\/\/ev-kirche-winterbach.de\/wp\/wp-content\/uploads\/Flyer-Verein-fuer-Diakonie-und-Seelsorge-Besuchsdienst-1.pdf\">Download Besuchsdienstflyer &gt;&gt;<\/a><\/p>\n","protected":false},"excerpt":{"rendered":"<p>zur\u00fcck zur Startseite &gt;&gt; Besuchsdienst Winterbach &#8211; derzeit nur sehr eingeschr\u00e4nkt m\u00f6glich! \u201eDas kostbarste Geschenk, das wir zu bieten haben, ist die Zeit\u201c(Anton Kner) Mit einem Besuchsdienst f\u00fcr Menschen, die selbst nicht mehr in der Lage sind an sozialen Angeboten teilzunehmen, versuchen wir der zunehmenden Vereinsamung der Menschen entgegen zu wirken. Die Mitarbeiterinnen und Mitarbeiter [&hellip;]<\/p>\n","protected":false},"author":2,"featured_media":0,"parent":245,"menu_order":0,"comment_status":"closed","ping_status":"closed","template":"","meta":[],"rttpg_featured_image_url":null,"rttpg_author":{"display_name":"Werner Eberle","author_link":"https:\/\/ev-kirche-winterbach.de\/wp\/author\/diakonieverein\/"},"rttpg_comment":0,"rttpg_category":null,"rttpg_excerpt":"zur\u00fcck zur Startseite &gt;&gt; Besuchsdienst Winterbach &#8211; derzeit nur sehr eingeschr\u00e4nkt m\u00f6glich! \u201eDas kostbarste Geschenk, das wir zu bieten haben, ist die Zeit\u201c(Anton Kner) Mit einem Besuchsdienst f\u00fcr Menschen, die selbst nicht mehr in der Lage sind an sozialen Angeboten teilzunehmen, versuchen wir der zunehmenden Vereinsamung der Menschen entgegen zu wirken. Die Mitarbeiterinnen und Mitarbeiter&hellip;","_links":{"self":[{"href":"https:\/\/ev-kirche-winterbach.de\/wp\/wp-json\/wp\/v2\/pages\/756"}],"collection":[{"href":"https:\/\/ev-kirche-winterbach.de\/wp\/wp-json\/wp\/v2\/pages"}],"about":[{"href":"https:\/\/ev-kirche-winterbach.de\/wp\/wp-json\/wp\/v2\/types\/page"}],"author":[{"embeddable":true,"href":"https:\/\/ev-kirche-winterbach.de\/wp\/wp-json\/wp\/v2\/users\/2"}],"replies":[{"embeddable":true,"href":"https:\/\/ev-kirche-winterbach.de\/wp\/wp-json\/wp\/v2\/comments?post=756"}],"version-history":[{"count":6,"href":"https:\/\/ev-kirche-winterbach.de\/wp\/wp-json\/wp\/v2\/pages\/756\/revisions"}],"predecessor-version":[{"id":8044,"href":"https:\/\/ev-kirche-winterbach.de\/wp\/wp-json\/wp\/v2\/pages\/756\/revisions\/8044"}],"up":[{"embeddable":true,"href":"https:\/\/ev-kirche-winterbach.de\/wp\/wp-json\/wp\/v2\/pages\/245"}],"wp:attachment":[{"href":"https:\/\/ev-kirche-winterbach.de\/wp\/wp-json\/wp\/v2\/media?parent=756"}],"curies":[{"name":"wp","href":"https:\/\/api.w.org\/{rel}","templated":true}]}}