{"id":882,"date":"2016-07-06T12:44:24","date_gmt":"2016-07-06T10:44:24","guid":{"rendered":"http:\/\/ev-kirche-winterbach.de\/new\/?page_id=882"},"modified":"2025-08-01T19:53:54","modified_gmt":"2025-08-01T17:53:54","slug":"forderkreis-christliche-jugendarbeit","status":"publish","type":"page","link":"https:\/\/ev-kirche-winterbach.de\/wp\/forderkreis-christliche-jugendarbeit\/","title":{"rendered":"F\u00f6rderkreis Christliche Jugendarbeit"},"content":{"rendered":"<h3>F\u00f6rderkreis Christliche Jugendarbeit<\/h3>\n<hr \/>\n<h4>Wo stehen wir?<\/h4>\n<p>Die Jugendarbeit ist ein Herzst\u00fcck der Evangelischen Kirchengemeinde und des CVJM Winterbach und auch ein Aush\u00e4ngeschild. Viele Eltern wissen ihre Kinder bei uns gut aufgehoben.<br \/>90 ehrenamtliche Mitarbeiterinnen und Mitarbeiter betreuen jede Woche rund 350 &#8211; bei Ferienangeboten und Projekten sogar 500 &#8211; Kinder und Jugendliche von 1 bis 18 Jahren.<br \/>Sie leben mit ihnen die christlichen\u00a0 Grundwerte, teilen die Erfahrung des Angenommenseins von Gott.<\/p>\n<hr \/>\n<h4>Was wollen wir?<\/h4>\n<p>Wir wollen die Jugendarbeit auf diesem hohen Niveau fortsetzen. Ohne hauptamtliche Begleitung ist das nicht m\u00f6glich. Weil der Kirchenbezirk Schorndorf unseren bisherigen Diakon aus Winterbach abzieht, wollen wir aus eigenen Mitteln eine\/n Jugend-Diakon\/in anstellen. Deshalb haben wir am 16. Oktober 2008 ein neues Blatt in der Geschichte unserer Gemeinde aufgeschlagen:<br \/>CVJM und Kirchengemeinde Winterbach haben gemeinsam einen F\u00f6rderverein, den <span class=\"highlight\">F\u00f6rderkreis<\/span> christliche Jugendarbeit Winterbach, gegr\u00fcndet, dessen Aufgabe es sein wird Geld zu sammeln und bereitzustellen f\u00fcr die Anstellung eines\/r Jugend-Diakon\/in.<\/p>\n<hr \/>\n<h4>Was brauchen wir?<\/h4>\n<p>Geld &#8211; und zwar dauerhaft. Also langfristige Spendenzusagen, Mitglieder mit ihrem finanziellen, ideellen und zeitlichen Einsatz, aber auch Einzelspenden und Erl\u00f6se aus Benefizaktionen. Der Mitgliedsbeitrag im Jahr betr\u00e4gt 50 Euro, einmalige oder j\u00e4hrliche Spenden sind immer m\u00f6glich, auch zus\u00e4tzlich.<br \/>Der <span class=\"highlight\">F\u00f6rderkreis<\/span> christliche Jugendarbeit Winterbach ist durch Bescheinigung des Finanzamtes Schorndorf als gemeinn\u00fctzig anerkannt.<br \/><!--\n\n\n\n\n\n\n\n<hr \/>\n\n\n\n\n\n\n\n\n\n<h4>Ansprechpartner<\/h4>\n\n\n\n\n\n\n\n\n\n\n\n\n\n\n<div class=\"table-responsive\">\n\n\n\n\n\n\n<table class=\"table table-striped\">\n\n\n\n\n\n\n\n\n<thead>\n\n\n\n\n\n\n\n\n<tr>\n\n\n\n\n\n\n\n\n<th>Rolle<\/th>\n\n\n\n\n\n\n\n\n\n\n\n\n\n\n\n\n<th>Ansprechpartner<\/th>\n\n\n\n\n\n\n\n\n\n\n\n\n\n\n\n\n<th>Kontakt<\/th>\n\n\n\n\n\n\n\n\n<\/tr>\n\n\n\n\n\n\n\n\n<\/thead>\n\n\n\n\n\n\n\n\n\n\n\n\n\n\n\n\n<tbody>\n\n\n\n\n\n\n\n\n<tr>\n\n\n\n\n\n\n<th scope=\"row\">1. Vorsitzender<\/th>\n\n\n\n\n\n\n\n\n\n\n\n\n\n\n\n\n<td>Frieder Erhardt<\/td>\n\n\n\n\n\n\n\n\n\n\n\n\n\n\n\n\n<td>---<\/td>\n\n\n\n\n\n\n\n\n<\/tr>\n\n\n\n\n\n\n\n\n\n\n\n\n\n\n\n\n<tr>\n\n\n\n\n\n\n<th scope=\"row\">Stellvertretende Vorsitzende<\/th>\n\n\n\n\n\n\n\n\n\n\n\n\n\n\n\n\n<td>Elke Sommer<\/td>\n\n\n\n\n\n\n\n\n\n\n\n\n\n\n\n\n<td>---<\/td>\n\n\n\n\n\n\n\n\n<\/tr>\n\n\n\n\n\n\n\n\n\n\n\n\n\n\n\n\n<tr>\n\n\n\n\n\n\n<th scope=\"row\">Kassierer<\/th>\n\n\n\n\n\n\n\n\n\n\n\n\n\n\n\n\n<td>Rainer Berger<\/td>\n\n\n\n\n\n\n\n\n\n\n\n\n\n\n\n\n<td>---<\/td>\n\n\n\n\n\n\n\n\n<\/tr>\n\n\n\n\n\n\n\n\n\n\n\n\n\n\n\n\n<tr>\n\n\n\n\n\n\n<th scope=\"row\">Schriftf\u00fchrerin<\/th>\n\n\n\n\n\n\n\n\n\n\n\n\n\n\n\n\n<td>Simone Baumgart<\/td>\n\n\n\n\n\n\n\n\n\n\n\n\n\n\n\n\n<td>---<\/td>\n\n\n\n\n\n\n\n\n<\/tr>\n\n\n\n\n\n\n\n\n\n\n\n\n\n\n\n\n<tr>\n\n\n\n\n\n\n<th scope=\"row\">Beisitzer<\/th>\n\n\n\n\n\n\n\n\n\n\n\n\n\n\n\n\n<td>Sylvia B\u00fcrk, Heike Berger, Dr. Anton Wiegers, Martin Weller, Hans-Peter Gerst,\u00a0Ann-Kathrin Gerst<\/td>\n\n\n\n\n\n\n\n\n\n\n\n\n\n\n\n\n<td>---<\/td>\n\n\n\n\n\n\n\n\n<\/tr>\n\n\n\n\n\n\n\n\n<\/tbody>\n\n\n\n\n\n\n\n\n<\/table>\n\n\n\n\n\n\n\n\n--><\/p>\n<p><a href=\"https:\/\/ev-kirche-winterbach.de\/wp\/wp-content\/uploads\/Fo\u0308rderkreis_Flyer_2025_hoch_DRUCK.pdf\">Zum Flyer &gt;&gt;<\/a><\/p>\n<p><a href=\"https:\/\/ev-kirche-winterbach.de\/wp\/wp-content\/uploads\/Fo\u0308rderkreis_Einleger-Privatperson_2025_quer_DRUCK.pdf\">f\u00fcr Privatperson&gt;&gt;<\/a><\/p>\n<p><a href=\"https:\/\/ev-kirche-winterbach.de\/wp\/wp-content\/uploads\/Fo\u0308rderkreis_Einleger-Sponsoren_2025_quer_DRUCK.pdf\">f\u00fcr Sponsoren&gt;&gt;<\/a><\/p>\n\n\n<p><\/p>\n","protected":false},"excerpt":{"rendered":"<p>F\u00f6rderkreis Christliche Jugendarbeit Wo stehen wir? Die Jugendarbeit ist ein Herzst\u00fcck der Evangelischen Kirchengemeinde und des CVJM Winterbach und auch ein Aush\u00e4ngeschild. Viele Eltern wissen ihre Kinder bei uns gut aufgehoben.90 ehrenamtliche Mitarbeiterinnen und Mitarbeiter betreuen jede Woche rund 350 &#8211; bei Ferienangeboten und Projekten sogar 500 &#8211; Kinder und Jugendliche von 1 bis 18 [&hellip;]<\/p>\n","protected":false},"author":1,"featured_media":0,"parent":0,"menu_order":0,"comment_status":"closed","ping_status":"closed","template":"","meta":[],"rttpg_featured_image_url":null,"rttpg_author":{"display_name":"Homepageteam","author_link":"https:\/\/ev-kirche-winterbach.de\/wp\/author\/user\/"},"rttpg_comment":0,"rttpg_category":null,"rttpg_excerpt":"F\u00f6rderkreis Christliche Jugendarbeit Wo stehen wir? Die Jugendarbeit ist ein Herzst\u00fcck der Evangelischen Kirchengemeinde und des CVJM Winterbach und auch ein Aush\u00e4ngeschild. Viele Eltern wissen ihre Kinder bei uns gut aufgehoben.90 ehrenamtliche Mitarbeiterinnen und Mitarbeiter betreuen jede Woche rund 350 &#8211; bei Ferienangeboten und Projekten sogar 500 &#8211; Kinder und Jugendliche von 1 bis 18&hellip;","_links":{"self":[{"href":"https:\/\/ev-kirche-winterbach.de\/wp\/wp-json\/wp\/v2\/pages\/882"}],"collection":[{"href":"https:\/\/ev-kirche-winterbach.de\/wp\/wp-json\/wp\/v2\/pages"}],"about":[{"href":"https:\/\/ev-kirche-winterbach.de\/wp\/wp-json\/wp\/v2\/types\/page"}],"author":[{"embeddable":true,"href":"https:\/\/ev-kirche-winterbach.de\/wp\/wp-json\/wp\/v2\/users\/1"}],"replies":[{"embeddable":true,"href":"https:\/\/ev-kirche-winterbach.de\/wp\/wp-json\/wp\/v2\/comments?post=882"}],"version-history":[{"count":9,"href":"https:\/\/ev-kirche-winterbach.de\/wp\/wp-json\/wp\/v2\/pages\/882\/revisions"}],"predecessor-version":[{"id":8924,"href":"https:\/\/ev-kirche-winterbach.de\/wp\/wp-json\/wp\/v2\/pages\/882\/revisions\/8924"}],"wp:attachment":[{"href":"https:\/\/ev-kirche-winterbach.de\/wp\/wp-json\/wp\/v2\/media?parent=882"}],"curies":[{"name":"wp","href":"https:\/\/api.w.org\/{rel}","templated":true}]}}